{"id":4450,"date":"2020-06-24T11:46:37","date_gmt":"2020-06-24T09:46:37","guid":{"rendered":"https:\/\/www.fattorinigroup.it\/?post_type=product&#038;p=4450"},"modified":"2021-06-11T16:55:39","modified_gmt":"2021-06-11T14:55:39","slug":"sgabello-alto-in-legno-imbottito-e-schienale-con-x","status":"publish","type":"product","link":"https:\/\/www.fattorinigroup.it\/en\/product\/sgabello-alto-in-legno-imbottito-e-schienale-con-x\/","title":{"rendered":"Sgabello alto in legno imbottito e schienale con X"},"content":{"rendered":"<p>SGABELLO ALTO CON STRUTTURA IN FAGGIO E SEDILE IN LEGNO O IMBOTTITO E PU\u00d2 ESSERE REALIZZATO IN MOLTEPLICI VARIANTI DI FINITURE. \u00c8 LO SCHIENALE CHE D\u00c0 CARATTERE, IN PARTICOLARE \u00c8 LA \u201cX\u201d DISEGNATA DA DUE STECCHE DI LEGNO SU DI ESSO CHE CATTURA L\u2019ATTENZIONE. IDEALE PER BAR, RISTORANTI, ALBERGHI MA ANCHE CUCINE. ABBINABILE ALLA SEDIA IN LEGNO ART. 248.<\/p>","protected":false},"excerpt":{"rendered":"<p>SGABELLO ALTO CON STRUTTURA IN FAGGIO E SEDILE IN LEGNO O IMBOTTITO E PU\u00d2 ESSERE REALIZZATO IN MOLTEPLICI VARIANTI DI FINITURE. \u00c8 LO SCHIENALE CHE D\u00c0 CARATTERE, IN PARTICOLARE \u00c8 LA \u201cX\u201d DISEGNATA DA DUE STECCHE DI LEGNO SU DI ESSO CHE CATTURA L\u2019ATTENZIONE. IDEALE PER BAR, RISTORANTI, ALBERGHI MA ANCHE CUCINE. ABBINABILE ALLA SEDIA [&hellip;]<\/p>","protected":false},"featured_media":11164,"comment_status":"closed","ping_status":"closed","template":"","meta":[],"product_brand":[],"product_cat":[15,433,69],"product_tag":[],"class_list":{"0":"post-4450","1":"product","2":"type-product","3":"status-publish","4":"has-post-thumbnail","6":"product_cat-fattorini-1961","7":"product_cat-sgabelli-legno","8":"product_cat-sgabelli","10":"first","11":"instock","12":"shipping-taxable","13":"product-type-simple"},"yoast_head":"<!-- This site is optimized with the Yoast SEO plugin v24.6 - https:\/\/yoast.com\/wordpress\/plugins\/seo\/ -->\n<title>Sgabello alto in legno imbottito e schienale con X - Fattorini Group<\/title>\n<meta name=\"robots\" content=\"index, follow, max-snippet:-1, max-image-preview:large, max-video-preview:-1\" \/>\n<link rel=\"canonical\" href=\"https:\/\/www.fattorinigroup.it\/en\/product\/sgabello-alto-in-legno-imbottito-e-schienale-con-x\/\" \/>\n<meta property=\"og:locale\" content=\"en_GB\" \/>\n<meta property=\"og:type\" content=\"article\" \/>\n<meta property=\"og:title\" content=\"Sgabello alto in legno imbottito e schienale con X - Fattorini Group\" \/>\n<meta property=\"og:description\" content=\"SGABELLO ALTO CON STRUTTURA IN FAGGIO E SEDILE IN LEGNO O IMBOTTITO E PU\u00d2 ESSERE REALIZZATO IN MOLTEPLICI VARIANTI DI FINITURE. \u00c8 LO SCHIENALE CHE D\u00c0 CARATTERE, IN PARTICOLARE \u00c8 LA \u201cX\u201d DISEGNATA DA DUE STECCHE DI LEGNO SU DI ESSO CHE CATTURA L\u2019ATTENZIONE. IDEALE PER BAR, RISTORANTI, ALBERGHI MA ANCHE CUCINE. ABBINABILE ALLA SEDIA [&hellip;]\" \/>\n<meta property=\"og:url\" content=\"https:\/\/www.fattorinigroup.it\/en\/product\/sgabello-alto-in-legno-imbottito-e-schienale-con-x\/\" \/>\n<meta property=\"og:site_name\" content=\"Fattorini Group\" \/>\n<meta property=\"article:modified_time\" content=\"2021-06-11T14:55:39+00:00\" \/>\n<meta property=\"og:image\" content=\"http:\/\/www.fattorinigroup.it\/wp-content\/uploads\/2021\/06\/Sgabello-alto-in-legno-imbottito-e-schienale-con-X.jpg\" \/>\n\t<meta property=\"og:image:width\" content=\"1024\" \/>\n\t<meta property=\"og:image:height\" content=\"1024\" \/>\n\t<meta property=\"og:image:type\" content=\"image\/jpeg\" \/>\n<meta name=\"twitter:card\" content=\"summary_large_image\" \/>\n<script type=\"application\/ld+json\" class=\"yoast-schema-graph\">{\"@context\":\"https:\/\/schema.org\",\"@graph\":[{\"@type\":\"WebPage\",\"@id\":\"https:\/\/www.fattorinigroup.it\/prodotto\/sgabello-alto-in-legno-imbottito-e-schienale-con-x\/\",\"url\":\"https:\/\/www.fattorinigroup.it\/prodotto\/sgabello-alto-in-legno-imbottito-e-schienale-con-x\/\",\"name\":\"Sgabello alto in legno imbottito e schienale con X - Fattorini Group\",\"isPartOf\":{\"@id\":\"https:\/\/www.fattorinigroup.it\/#website\"},\"primaryImageOfPage\":{\"@id\":\"https:\/\/www.fattorinigroup.it\/prodotto\/sgabello-alto-in-legno-imbottito-e-schienale-con-x\/#primaryimage\"},\"image\":{\"@id\":\"https:\/\/www.fattorinigroup.it\/prodotto\/sgabello-alto-in-legno-imbottito-e-schienale-con-x\/#primaryimage\"},\"thumbnailUrl\":\"https:\/\/www.fattorinigroup.it\/wp-content\/uploads\/2021\/06\/Sgabello-alto-in-legno-imbottito-e-schienale-con-X.jpg\",\"datePublished\":\"2020-06-24T09:46:37+00:00\",\"dateModified\":\"2021-06-11T14:55:39+00:00\",\"breadcrumb\":{\"@id\":\"https:\/\/www.fattorinigroup.it\/prodotto\/sgabello-alto-in-legno-imbottito-e-schienale-con-x\/#breadcrumb\"},\"inLanguage\":\"en-GB\",\"potentialAction\":[{\"@type\":\"ReadAction\",\"target\":[\"https:\/\/www.fattorinigroup.it\/prodotto\/sgabello-alto-in-legno-imbottito-e-schienale-con-x\/\"]}]},{\"@type\":\"ImageObject\",\"inLanguage\":\"en-GB\",\"@id\":\"https:\/\/www.fattorinigroup.it\/prodotto\/sgabello-alto-in-legno-imbottito-e-schienale-con-x\/#primaryimage\",\"url\":\"https:\/\/www.fattorinigroup.it\/wp-content\/uploads\/2021\/06\/Sgabello-alto-in-legno-imbottito-e-schienale-con-X.jpg\",\"contentUrl\":\"https:\/\/www.fattorinigroup.it\/wp-content\/uploads\/2021\/06\/Sgabello-alto-in-legno-imbottito-e-schienale-con-X.jpg\",\"width\":1024,\"height\":1024,\"caption\":\"Sgabello alto in legno imbottito e schienale con X\"},{\"@type\":\"BreadcrumbList\",\"@id\":\"https:\/\/www.fattorinigroup.it\/prodotto\/sgabello-alto-in-legno-imbottito-e-schienale-con-x\/#breadcrumb\",\"itemListElement\":[{\"@type\":\"ListItem\",\"position\":1,\"name\":\"Home\",\"item\":\"https:\/\/www.fattorinigroup.it\/\"},{\"@type\":\"ListItem\",\"position\":2,\"name\":\"Prodotti\",\"item\":\"https:\/\/www.fattorinigroup.it\/shop\/\"},{\"@type\":\"ListItem\",\"position\":3,\"name\":\"Sgabello alto in legno imbottito e schienale con X\"}]},{\"@type\":\"WebSite\",\"@id\":\"https:\/\/www.fattorinigroup.it\/#website\",\"url\":\"https:\/\/www.fattorinigroup.it\/\",\"name\":\"Fattorini Group\",\"description\":\"\",\"potentialAction\":[{\"@type\":\"SearchAction\",\"target\":{\"@type\":\"EntryPoint\",\"urlTemplate\":\"https:\/\/www.fattorinigroup.it\/?s={search_term_string}\"},\"query-input\":{\"@type\":\"PropertyValueSpecification\",\"valueRequired\":true,\"valueName\":\"search_term_string\"}}],\"inLanguage\":\"en-GB\"}]}<\/script>\n<!-- \/ Yoast SEO plugin. -->","yoast_head_json":{"title":"Sgabello alto in legno imbottito e schienale con X - Fattorini Group","robots":{"index":"index","follow":"follow","max-snippet":"max-snippet:-1","max-image-preview":"max-image-preview:large","max-video-preview":"max-video-preview:-1"},"canonical":"https:\/\/www.fattorinigroup.it\/en\/product\/sgabello-alto-in-legno-imbottito-e-schienale-con-x\/","og_locale":"en_GB","og_type":"article","og_title":"Sgabello alto in legno imbottito e schienale con X - Fattorini Group","og_description":"SGABELLO ALTO CON STRUTTURA IN FAGGIO E SEDILE IN LEGNO O IMBOTTITO E PU\u00d2 ESSERE REALIZZATO IN MOLTEPLICI VARIANTI DI FINITURE. \u00c8 LO SCHIENALE CHE D\u00c0 CARATTERE, IN PARTICOLARE \u00c8 LA \u201cX\u201d DISEGNATA DA DUE STECCHE DI LEGNO SU DI ESSO CHE CATTURA L\u2019ATTENZIONE. IDEALE PER BAR, RISTORANTI, ALBERGHI MA ANCHE CUCINE. ABBINABILE ALLA SEDIA [&hellip;]","og_url":"https:\/\/www.fattorinigroup.it\/en\/product\/sgabello-alto-in-legno-imbottito-e-schienale-con-x\/","og_site_name":"Fattorini Group","article_modified_time":"2021-06-11T14:55:39+00:00","og_image":[{"width":1024,"height":1024,"url":"http:\/\/www.fattorinigroup.it\/wp-content\/uploads\/2021\/06\/Sgabello-alto-in-legno-imbottito-e-schienale-con-X.jpg","type":"image\/jpeg"}],"twitter_card":"summary_large_image","schema":{"@context":"https:\/\/schema.org","@graph":[{"@type":"WebPage","@id":"https:\/\/www.fattorinigroup.it\/prodotto\/sgabello-alto-in-legno-imbottito-e-schienale-con-x\/","url":"https:\/\/www.fattorinigroup.it\/prodotto\/sgabello-alto-in-legno-imbottito-e-schienale-con-x\/","name":"Sgabello alto in legno imbottito e schienale con X - Fattorini Group","isPartOf":{"@id":"https:\/\/www.fattorinigroup.it\/#website"},"primaryImageOfPage":{"@id":"https:\/\/www.fattorinigroup.it\/prodotto\/sgabello-alto-in-legno-imbottito-e-schienale-con-x\/#primaryimage"},"image":{"@id":"https:\/\/www.fattorinigroup.it\/prodotto\/sgabello-alto-in-legno-imbottito-e-schienale-con-x\/#primaryimage"},"thumbnailUrl":"https:\/\/www.fattorinigroup.it\/wp-content\/uploads\/2021\/06\/Sgabello-alto-in-legno-imbottito-e-schienale-con-X.jpg","datePublished":"2020-06-24T09:46:37+00:00","dateModified":"2021-06-11T14:55:39+00:00","breadcrumb":{"@id":"https:\/\/www.fattorinigroup.it\/prodotto\/sgabello-alto-in-legno-imbottito-e-schienale-con-x\/#breadcrumb"},"inLanguage":"en-GB","potentialAction":[{"@type":"ReadAction","target":["https:\/\/www.fattorinigroup.it\/prodotto\/sgabello-alto-in-legno-imbottito-e-schienale-con-x\/"]}]},{"@type":"ImageObject","inLanguage":"en-GB","@id":"https:\/\/www.fattorinigroup.it\/prodotto\/sgabello-alto-in-legno-imbottito-e-schienale-con-x\/#primaryimage","url":"https:\/\/www.fattorinigroup.it\/wp-content\/uploads\/2021\/06\/Sgabello-alto-in-legno-imbottito-e-schienale-con-X.jpg","contentUrl":"https:\/\/www.fattorinigroup.it\/wp-content\/uploads\/2021\/06\/Sgabello-alto-in-legno-imbottito-e-schienale-con-X.jpg","width":1024,"height":1024,"caption":"Sgabello alto in legno imbottito e schienale con X"},{"@type":"BreadcrumbList","@id":"https:\/\/www.fattorinigroup.it\/prodotto\/sgabello-alto-in-legno-imbottito-e-schienale-con-x\/#breadcrumb","itemListElement":[{"@type":"ListItem","position":1,"name":"Home","item":"https:\/\/www.fattorinigroup.it\/"},{"@type":"ListItem","position":2,"name":"Prodotti","item":"https:\/\/www.fattorinigroup.it\/shop\/"},{"@type":"ListItem","position":3,"name":"Sgabello alto in legno imbottito e schienale con X"}]},{"@type":"WebSite","@id":"https:\/\/www.fattorinigroup.it\/#website","url":"https:\/\/www.fattorinigroup.it\/","name":"Fattorini Group","description":"","potentialAction":[{"@type":"SearchAction","target":{"@type":"EntryPoint","urlTemplate":"https:\/\/www.fattorinigroup.it\/?s={search_term_string}"},"query-input":{"@type":"PropertyValueSpecification","valueRequired":true,"valueName":"search_term_string"}}],"inLanguage":"en-GB"}]}},"_links":{"self":[{"href":"https:\/\/www.fattorinigroup.it\/en\/wp-json\/wp\/v2\/product\/4450","targetHints":{"allow":["GET"]}}],"collection":[{"href":"https:\/\/www.fattorinigroup.it\/en\/wp-json\/wp\/v2\/product"}],"about":[{"href":"https:\/\/www.fattorinigroup.it\/en\/wp-json\/wp\/v2\/types\/product"}],"replies":[{"embeddable":true,"href":"https:\/\/www.fattorinigroup.it\/en\/wp-json\/wp\/v2\/comments?post=4450"}],"version-history":[{"count":0,"href":"https:\/\/www.fattorinigroup.it\/en\/wp-json\/wp\/v2\/product\/4450\/revisions"}],"wp:featuredmedia":[{"embeddable":true,"href":"https:\/\/www.fattorinigroup.it\/en\/wp-json\/wp\/v2\/media\/11164"}],"wp:attachment":[{"href":"https:\/\/www.fattorinigroup.it\/en\/wp-json\/wp\/v2\/media?parent=4450"}],"wp:term":[{"taxonomy":"product_brand","embeddable":true,"href":"https:\/\/www.fattorinigroup.it\/en\/wp-json\/wp\/v2\/product_brand?post=4450"},{"taxonomy":"product_cat","embeddable":true,"href":"https:\/\/www.fattorinigroup.it\/en\/wp-json\/wp\/v2\/product_cat?post=4450"},{"taxonomy":"product_tag","embeddable":true,"href":"https:\/\/www.fattorinigroup.it\/en\/wp-json\/wp\/v2\/product_tag?post=4450"}],"curies":[{"name":"wp","href":"https:\/\/api.w.org\/{rel}","templated":true}]}}