{"id":4689,"date":"2020-06-25T13:44:20","date_gmt":"2020-06-25T11:44:20","guid":{"rendered":"https:\/\/www.fattorinigroup.it\/?post_type=product&#038;p=4689"},"modified":"2021-06-11T15:24:11","modified_gmt":"2021-06-11T13:24:11","slug":"sedia-rustica-in-abete-con-sedile-in-legno-o-paglia","status":"publish","type":"product","link":"https:\/\/www.fattorinigroup.it\/en\/product\/sedia-rustica-in-abete-con-sedile-in-legno-o-paglia\/","title":{"rendered":"Sedia rustica in abete con sedile in legno o paglia"},"content":{"rendered":"<p>SEDIA RUSTICA INTERAMENTE REALIZZATA IN ABETE MASSELLO CON\u00a0STRUTTURA LEGATA DA 6 FUSELLI E\u00a0SEDILE INCASSATO, SCHIENALE COMPOSTO DA 3 STECCHE CURVE: DUE PI\u00d9 BASSE\u00a0DELLA STESSA DIMENSIONE, UNA PI\u00d9 ALTA INVECE PI\u00d9 GRANDE. IL SEDILE PU\u00d2 ESSERE IN PAGLIA O LEGNO, IDEALE PER SPAZI RUSTICI COME BAR, RISTORANTI E ALBERGHI MA ANCHE CUCINA, SOGGIORNO E TAVERNA.<\/p>","protected":false},"excerpt":{"rendered":"<p>SEDIA RUSTICA INTERAMENTE REALIZZATA IN ABETE MASSELLO CON STRUTTURA LEGATA DA 6 FUSELLI E SEDILE INCASSATO,<\/p>","protected":false},"featured_media":11155,"comment_status":"closed","ping_status":"closed","template":"","meta":[],"product_brand":[],"product_cat":[15,72,68],"product_tag":[],"class_list":{"0":"post-4689","1":"product","2":"type-product","3":"status-publish","4":"has-post-thumbnail","6":"product_cat-fattorini-1961","7":"product_cat-sedie-poltrone-legno","8":"product_cat-sedie-poltrone","10":"first","11":"instock","12":"shipping-taxable","13":"product-type-simple"},"yoast_head":"<!-- This site is optimized with the Yoast SEO plugin v24.6 - https:\/\/yoast.com\/wordpress\/plugins\/seo\/ -->\n<title>Sedia rustica in abete con sedile in legno o paglia - Fattorini Group<\/title>\n<meta name=\"robots\" content=\"index, follow, max-snippet:-1, max-image-preview:large, max-video-preview:-1\" \/>\n<link rel=\"canonical\" href=\"https:\/\/www.fattorinigroup.it\/en\/product\/sedia-rustica-in-abete-con-sedile-in-legno-o-paglia\/\" \/>\n<meta property=\"og:locale\" content=\"en_GB\" \/>\n<meta property=\"og:type\" content=\"article\" \/>\n<meta property=\"og:title\" content=\"Sedia rustica in abete con sedile in legno o paglia - Fattorini Group\" \/>\n<meta property=\"og:description\" content=\"SEDIA RUSTICA INTERAMENTE REALIZZATA IN ABETE MASSELLO CON STRUTTURA LEGATA DA 6 FUSELLI E SEDILE INCASSATO,\" \/>\n<meta property=\"og:url\" content=\"https:\/\/www.fattorinigroup.it\/en\/product\/sedia-rustica-in-abete-con-sedile-in-legno-o-paglia\/\" \/>\n<meta property=\"og:site_name\" content=\"Fattorini Group\" \/>\n<meta property=\"article:modified_time\" content=\"2021-06-11T13:24:11+00:00\" \/>\n<meta property=\"og:image\" content=\"http:\/\/www.fattorinigroup.it\/wp-content\/uploads\/2021\/06\/Sedia-rustica-in-abete-con-sedile-in-legno-o-paglia.jpg\" \/>\n\t<meta property=\"og:image:width\" content=\"1024\" \/>\n\t<meta property=\"og:image:height\" content=\"1024\" \/>\n\t<meta property=\"og:image:type\" content=\"image\/jpeg\" \/>\n<meta name=\"twitter:card\" content=\"summary_large_image\" \/>\n<script type=\"application\/ld+json\" class=\"yoast-schema-graph\">{\"@context\":\"https:\/\/schema.org\",\"@graph\":[{\"@type\":\"WebPage\",\"@id\":\"https:\/\/www.fattorinigroup.it\/prodotto\/sedia-rustica-in-abete-con-sedile-in-legno-o-paglia\/\",\"url\":\"https:\/\/www.fattorinigroup.it\/prodotto\/sedia-rustica-in-abete-con-sedile-in-legno-o-paglia\/\",\"name\":\"Sedia rustica in abete con sedile in legno o paglia - Fattorini Group\",\"isPartOf\":{\"@id\":\"https:\/\/www.fattorinigroup.it\/#website\"},\"primaryImageOfPage\":{\"@id\":\"https:\/\/www.fattorinigroup.it\/prodotto\/sedia-rustica-in-abete-con-sedile-in-legno-o-paglia\/#primaryimage\"},\"image\":{\"@id\":\"https:\/\/www.fattorinigroup.it\/prodotto\/sedia-rustica-in-abete-con-sedile-in-legno-o-paglia\/#primaryimage\"},\"thumbnailUrl\":\"https:\/\/www.fattorinigroup.it\/wp-content\/uploads\/2021\/06\/Sedia-rustica-in-abete-con-sedile-in-legno-o-paglia.jpg\",\"datePublished\":\"2020-06-25T11:44:20+00:00\",\"dateModified\":\"2021-06-11T13:24:11+00:00\",\"breadcrumb\":{\"@id\":\"https:\/\/www.fattorinigroup.it\/prodotto\/sedia-rustica-in-abete-con-sedile-in-legno-o-paglia\/#breadcrumb\"},\"inLanguage\":\"en-GB\",\"potentialAction\":[{\"@type\":\"ReadAction\",\"target\":[\"https:\/\/www.fattorinigroup.it\/prodotto\/sedia-rustica-in-abete-con-sedile-in-legno-o-paglia\/\"]}]},{\"@type\":\"ImageObject\",\"inLanguage\":\"en-GB\",\"@id\":\"https:\/\/www.fattorinigroup.it\/prodotto\/sedia-rustica-in-abete-con-sedile-in-legno-o-paglia\/#primaryimage\",\"url\":\"https:\/\/www.fattorinigroup.it\/wp-content\/uploads\/2021\/06\/Sedia-rustica-in-abete-con-sedile-in-legno-o-paglia.jpg\",\"contentUrl\":\"https:\/\/www.fattorinigroup.it\/wp-content\/uploads\/2021\/06\/Sedia-rustica-in-abete-con-sedile-in-legno-o-paglia.jpg\",\"width\":1024,\"height\":1024,\"caption\":\"Sedia rustica in abete con sedile in legno o paglia\"},{\"@type\":\"BreadcrumbList\",\"@id\":\"https:\/\/www.fattorinigroup.it\/prodotto\/sedia-rustica-in-abete-con-sedile-in-legno-o-paglia\/#breadcrumb\",\"itemListElement\":[{\"@type\":\"ListItem\",\"position\":1,\"name\":\"Home\",\"item\":\"https:\/\/www.fattorinigroup.it\/\"},{\"@type\":\"ListItem\",\"position\":2,\"name\":\"Prodotti\",\"item\":\"https:\/\/www.fattorinigroup.it\/shop\/\"},{\"@type\":\"ListItem\",\"position\":3,\"name\":\"Sedia rustica in abete con sedile in legno o paglia\"}]},{\"@type\":\"WebSite\",\"@id\":\"https:\/\/www.fattorinigroup.it\/#website\",\"url\":\"https:\/\/www.fattorinigroup.it\/\",\"name\":\"Fattorini Group\",\"description\":\"\",\"potentialAction\":[{\"@type\":\"SearchAction\",\"target\":{\"@type\":\"EntryPoint\",\"urlTemplate\":\"https:\/\/www.fattorinigroup.it\/?s={search_term_string}\"},\"query-input\":{\"@type\":\"PropertyValueSpecification\",\"valueRequired\":true,\"valueName\":\"search_term_string\"}}],\"inLanguage\":\"en-GB\"}]}<\/script>\n<!-- \/ Yoast SEO plugin. -->","yoast_head_json":{"title":"Sedia rustica in abete con sedile in legno o paglia - Fattorini Group","robots":{"index":"index","follow":"follow","max-snippet":"max-snippet:-1","max-image-preview":"max-image-preview:large","max-video-preview":"max-video-preview:-1"},"canonical":"https:\/\/www.fattorinigroup.it\/en\/product\/sedia-rustica-in-abete-con-sedile-in-legno-o-paglia\/","og_locale":"en_GB","og_type":"article","og_title":"Sedia rustica in abete con sedile in legno o paglia - Fattorini Group","og_description":"SEDIA RUSTICA INTERAMENTE REALIZZATA IN ABETE MASSELLO CON STRUTTURA LEGATA DA 6 FUSELLI E SEDILE INCASSATO,","og_url":"https:\/\/www.fattorinigroup.it\/en\/product\/sedia-rustica-in-abete-con-sedile-in-legno-o-paglia\/","og_site_name":"Fattorini Group","article_modified_time":"2021-06-11T13:24:11+00:00","og_image":[{"width":1024,"height":1024,"url":"http:\/\/www.fattorinigroup.it\/wp-content\/uploads\/2021\/06\/Sedia-rustica-in-abete-con-sedile-in-legno-o-paglia.jpg","type":"image\/jpeg"}],"twitter_card":"summary_large_image","schema":{"@context":"https:\/\/schema.org","@graph":[{"@type":"WebPage","@id":"https:\/\/www.fattorinigroup.it\/prodotto\/sedia-rustica-in-abete-con-sedile-in-legno-o-paglia\/","url":"https:\/\/www.fattorinigroup.it\/prodotto\/sedia-rustica-in-abete-con-sedile-in-legno-o-paglia\/","name":"Sedia rustica in abete con sedile in legno o paglia - Fattorini Group","isPartOf":{"@id":"https:\/\/www.fattorinigroup.it\/#website"},"primaryImageOfPage":{"@id":"https:\/\/www.fattorinigroup.it\/prodotto\/sedia-rustica-in-abete-con-sedile-in-legno-o-paglia\/#primaryimage"},"image":{"@id":"https:\/\/www.fattorinigroup.it\/prodotto\/sedia-rustica-in-abete-con-sedile-in-legno-o-paglia\/#primaryimage"},"thumbnailUrl":"https:\/\/www.fattorinigroup.it\/wp-content\/uploads\/2021\/06\/Sedia-rustica-in-abete-con-sedile-in-legno-o-paglia.jpg","datePublished":"2020-06-25T11:44:20+00:00","dateModified":"2021-06-11T13:24:11+00:00","breadcrumb":{"@id":"https:\/\/www.fattorinigroup.it\/prodotto\/sedia-rustica-in-abete-con-sedile-in-legno-o-paglia\/#breadcrumb"},"inLanguage":"en-GB","potentialAction":[{"@type":"ReadAction","target":["https:\/\/www.fattorinigroup.it\/prodotto\/sedia-rustica-in-abete-con-sedile-in-legno-o-paglia\/"]}]},{"@type":"ImageObject","inLanguage":"en-GB","@id":"https:\/\/www.fattorinigroup.it\/prodotto\/sedia-rustica-in-abete-con-sedile-in-legno-o-paglia\/#primaryimage","url":"https:\/\/www.fattorinigroup.it\/wp-content\/uploads\/2021\/06\/Sedia-rustica-in-abete-con-sedile-in-legno-o-paglia.jpg","contentUrl":"https:\/\/www.fattorinigroup.it\/wp-content\/uploads\/2021\/06\/Sedia-rustica-in-abete-con-sedile-in-legno-o-paglia.jpg","width":1024,"height":1024,"caption":"Sedia rustica in abete con sedile in legno o paglia"},{"@type":"BreadcrumbList","@id":"https:\/\/www.fattorinigroup.it\/prodotto\/sedia-rustica-in-abete-con-sedile-in-legno-o-paglia\/#breadcrumb","itemListElement":[{"@type":"ListItem","position":1,"name":"Home","item":"https:\/\/www.fattorinigroup.it\/"},{"@type":"ListItem","position":2,"name":"Prodotti","item":"https:\/\/www.fattorinigroup.it\/shop\/"},{"@type":"ListItem","position":3,"name":"Sedia rustica in abete con sedile in legno o paglia"}]},{"@type":"WebSite","@id":"https:\/\/www.fattorinigroup.it\/#website","url":"https:\/\/www.fattorinigroup.it\/","name":"Fattorini Group","description":"","potentialAction":[{"@type":"SearchAction","target":{"@type":"EntryPoint","urlTemplate":"https:\/\/www.fattorinigroup.it\/?s={search_term_string}"},"query-input":{"@type":"PropertyValueSpecification","valueRequired":true,"valueName":"search_term_string"}}],"inLanguage":"en-GB"}]}},"_links":{"self":[{"href":"https:\/\/www.fattorinigroup.it\/en\/wp-json\/wp\/v2\/product\/4689","targetHints":{"allow":["GET"]}}],"collection":[{"href":"https:\/\/www.fattorinigroup.it\/en\/wp-json\/wp\/v2\/product"}],"about":[{"href":"https:\/\/www.fattorinigroup.it\/en\/wp-json\/wp\/v2\/types\/product"}],"replies":[{"embeddable":true,"href":"https:\/\/www.fattorinigroup.it\/en\/wp-json\/wp\/v2\/comments?post=4689"}],"version-history":[{"count":0,"href":"https:\/\/www.fattorinigroup.it\/en\/wp-json\/wp\/v2\/product\/4689\/revisions"}],"wp:featuredmedia":[{"embeddable":true,"href":"https:\/\/www.fattorinigroup.it\/en\/wp-json\/wp\/v2\/media\/11155"}],"wp:attachment":[{"href":"https:\/\/www.fattorinigroup.it\/en\/wp-json\/wp\/v2\/media?parent=4689"}],"wp:term":[{"taxonomy":"product_brand","embeddable":true,"href":"https:\/\/www.fattorinigroup.it\/en\/wp-json\/wp\/v2\/product_brand?post=4689"},{"taxonomy":"product_cat","embeddable":true,"href":"https:\/\/www.fattorinigroup.it\/en\/wp-json\/wp\/v2\/product_cat?post=4689"},{"taxonomy":"product_tag","embeddable":true,"href":"https:\/\/www.fattorinigroup.it\/en\/wp-json\/wp\/v2\/product_tag?post=4689"}],"curies":[{"name":"wp","href":"https:\/\/api.w.org\/{rel}","templated":true}]}}