{"id":4773,"date":"2020-06-26T11:06:50","date_gmt":"2020-06-26T09:06:50","guid":{"rendered":"https:\/\/www.fattorinigroup.it\/?post_type=product&#038;p=4773"},"modified":"2021-06-16T17:03:50","modified_gmt":"2021-06-16T15:03:50","slug":"sedia-in-plastica-ideale-per-il-giardino","status":"publish","type":"product","link":"https:\/\/www.fattorinigroup.it\/en\/product\/sedia-in-plastica-ideale-per-il-giardino\/","title":{"rendered":"Sedia in plastica ideale per il giardino"},"content":{"rendered":"<p>Sedia in tecnopolimero rinforzato fibra di vetro e stampata ad iniezione.\u00a0Disponibile in diversi colori,\u00a0utilizzabile sia all&#8217;esterno che all&#8217;interno. \u00c8 un&#8217;eccellente esempio di sintesi e funzionalit\u00e0, perfetto sia per gli spazi esterni che per dare un tocco di originalit\u00e0 agli ambienti interni. Consigliata per bar, ristoranti e alberghi e soprattutto spazi aperti sia privati che pubblici. Disponibile anche ignifuga\u00a0solo in alcune finiture. Impilabile.<\/p>","protected":false},"excerpt":{"rendered":"<p>SEDIA IN TECNOPOLIMERO RINFORZATO FIBRA DI VETRO E STAMPATA AD INIEZIONE.<\/p>","protected":false},"featured_media":11754,"comment_status":"closed","ping_status":"closed","template":"","meta":[],"product_brand":[],"product_cat":[15,73,68],"product_tag":[],"class_list":{"0":"post-4773","1":"product","2":"type-product","3":"status-publish","4":"has-post-thumbnail","6":"product_cat-fattorini-1961","7":"product_cat-sedie-poltrone-metallo-plastica","8":"product_cat-sedie-poltrone","10":"first","11":"instock","12":"shipping-taxable","13":"product-type-simple"},"yoast_head":"<!-- This site is optimized with the Yoast SEO plugin v24.6 - https:\/\/yoast.com\/wordpress\/plugins\/seo\/ -->\n<title>Sedia in plastica ideale per il giardino - Fattorini Group<\/title>\n<meta name=\"robots\" content=\"index, follow, max-snippet:-1, max-image-preview:large, max-video-preview:-1\" \/>\n<link rel=\"canonical\" href=\"https:\/\/www.fattorinigroup.it\/en\/product\/sedia-in-plastica-ideale-per-il-giardino\/\" \/>\n<meta property=\"og:locale\" content=\"en_GB\" \/>\n<meta property=\"og:type\" content=\"article\" \/>\n<meta property=\"og:title\" content=\"Sedia in plastica ideale per il giardino - Fattorini Group\" \/>\n<meta property=\"og:description\" content=\"SEDIA IN TECNOPOLIMERO RINFORZATO FIBRA DI VETRO E STAMPATA AD INIEZIONE.\" \/>\n<meta property=\"og:url\" content=\"https:\/\/www.fattorinigroup.it\/en\/product\/sedia-in-plastica-ideale-per-il-giardino\/\" \/>\n<meta property=\"og:site_name\" content=\"Fattorini Group\" \/>\n<meta property=\"article:modified_time\" content=\"2021-06-16T15:03:50+00:00\" \/>\n<meta property=\"og:image\" content=\"http:\/\/www.fattorinigroup.it\/wp-content\/uploads\/2020\/06\/Sedia-in-plastica-ideale-per-il-giardino-blu.jpeg\" \/>\n\t<meta property=\"og:image:width\" content=\"1200\" \/>\n\t<meta property=\"og:image:height\" content=\"1200\" \/>\n\t<meta property=\"og:image:type\" content=\"image\/jpeg\" \/>\n<meta name=\"twitter:card\" content=\"summary_large_image\" \/>\n<meta name=\"twitter:label1\" content=\"Estimated reading time\" \/>\n\t<meta name=\"twitter:data1\" content=\"1 minute\" \/>\n<script type=\"application\/ld+json\" class=\"yoast-schema-graph\">{\"@context\":\"https:\/\/schema.org\",\"@graph\":[{\"@type\":\"WebPage\",\"@id\":\"https:\/\/www.fattorinigroup.it\/prodotto\/sedia-in-plastica-ideale-per-il-giardino\/\",\"url\":\"https:\/\/www.fattorinigroup.it\/prodotto\/sedia-in-plastica-ideale-per-il-giardino\/\",\"name\":\"Sedia in plastica ideale per il giardino - Fattorini Group\",\"isPartOf\":{\"@id\":\"https:\/\/www.fattorinigroup.it\/#website\"},\"primaryImageOfPage\":{\"@id\":\"https:\/\/www.fattorinigroup.it\/prodotto\/sedia-in-plastica-ideale-per-il-giardino\/#primaryimage\"},\"image\":{\"@id\":\"https:\/\/www.fattorinigroup.it\/prodotto\/sedia-in-plastica-ideale-per-il-giardino\/#primaryimage\"},\"thumbnailUrl\":\"https:\/\/www.fattorinigroup.it\/wp-content\/uploads\/2020\/06\/Sedia-in-plastica-ideale-per-il-giardino-blu.jpeg\",\"datePublished\":\"2020-06-26T09:06:50+00:00\",\"dateModified\":\"2021-06-16T15:03:50+00:00\",\"breadcrumb\":{\"@id\":\"https:\/\/www.fattorinigroup.it\/prodotto\/sedia-in-plastica-ideale-per-il-giardino\/#breadcrumb\"},\"inLanguage\":\"en-GB\",\"potentialAction\":[{\"@type\":\"ReadAction\",\"target\":[\"https:\/\/www.fattorinigroup.it\/prodotto\/sedia-in-plastica-ideale-per-il-giardino\/\"]}]},{\"@type\":\"ImageObject\",\"inLanguage\":\"en-GB\",\"@id\":\"https:\/\/www.fattorinigroup.it\/prodotto\/sedia-in-plastica-ideale-per-il-giardino\/#primaryimage\",\"url\":\"https:\/\/www.fattorinigroup.it\/wp-content\/uploads\/2020\/06\/Sedia-in-plastica-ideale-per-il-giardino-blu.jpeg\",\"contentUrl\":\"https:\/\/www.fattorinigroup.it\/wp-content\/uploads\/2020\/06\/Sedia-in-plastica-ideale-per-il-giardino-blu.jpeg\",\"width\":1200,\"height\":1200,\"caption\":\"Sedia in plastica ideale per il giardino blu\"},{\"@type\":\"BreadcrumbList\",\"@id\":\"https:\/\/www.fattorinigroup.it\/prodotto\/sedia-in-plastica-ideale-per-il-giardino\/#breadcrumb\",\"itemListElement\":[{\"@type\":\"ListItem\",\"position\":1,\"name\":\"Home\",\"item\":\"https:\/\/www.fattorinigroup.it\/\"},{\"@type\":\"ListItem\",\"position\":2,\"name\":\"Prodotti\",\"item\":\"https:\/\/www.fattorinigroup.it\/shop\/\"},{\"@type\":\"ListItem\",\"position\":3,\"name\":\"Sedia in plastica ideale per il giardino\"}]},{\"@type\":\"WebSite\",\"@id\":\"https:\/\/www.fattorinigroup.it\/#website\",\"url\":\"https:\/\/www.fattorinigroup.it\/\",\"name\":\"Fattorini Group\",\"description\":\"\",\"potentialAction\":[{\"@type\":\"SearchAction\",\"target\":{\"@type\":\"EntryPoint\",\"urlTemplate\":\"https:\/\/www.fattorinigroup.it\/?s={search_term_string}\"},\"query-input\":{\"@type\":\"PropertyValueSpecification\",\"valueRequired\":true,\"valueName\":\"search_term_string\"}}],\"inLanguage\":\"en-GB\"}]}<\/script>\n<!-- \/ Yoast SEO plugin. -->","yoast_head_json":{"title":"Sedia in plastica ideale per il giardino - Fattorini Group","robots":{"index":"index","follow":"follow","max-snippet":"max-snippet:-1","max-image-preview":"max-image-preview:large","max-video-preview":"max-video-preview:-1"},"canonical":"https:\/\/www.fattorinigroup.it\/en\/product\/sedia-in-plastica-ideale-per-il-giardino\/","og_locale":"en_GB","og_type":"article","og_title":"Sedia in plastica ideale per il giardino - Fattorini Group","og_description":"SEDIA IN TECNOPOLIMERO RINFORZATO FIBRA DI VETRO E STAMPATA AD INIEZIONE.","og_url":"https:\/\/www.fattorinigroup.it\/en\/product\/sedia-in-plastica-ideale-per-il-giardino\/","og_site_name":"Fattorini Group","article_modified_time":"2021-06-16T15:03:50+00:00","og_image":[{"width":1200,"height":1200,"url":"http:\/\/www.fattorinigroup.it\/wp-content\/uploads\/2020\/06\/Sedia-in-plastica-ideale-per-il-giardino-blu.jpeg","type":"image\/jpeg"}],"twitter_card":"summary_large_image","twitter_misc":{"Estimated reading time":"1 minute"},"schema":{"@context":"https:\/\/schema.org","@graph":[{"@type":"WebPage","@id":"https:\/\/www.fattorinigroup.it\/prodotto\/sedia-in-plastica-ideale-per-il-giardino\/","url":"https:\/\/www.fattorinigroup.it\/prodotto\/sedia-in-plastica-ideale-per-il-giardino\/","name":"Sedia in plastica ideale per il giardino - Fattorini Group","isPartOf":{"@id":"https:\/\/www.fattorinigroup.it\/#website"},"primaryImageOfPage":{"@id":"https:\/\/www.fattorinigroup.it\/prodotto\/sedia-in-plastica-ideale-per-il-giardino\/#primaryimage"},"image":{"@id":"https:\/\/www.fattorinigroup.it\/prodotto\/sedia-in-plastica-ideale-per-il-giardino\/#primaryimage"},"thumbnailUrl":"https:\/\/www.fattorinigroup.it\/wp-content\/uploads\/2020\/06\/Sedia-in-plastica-ideale-per-il-giardino-blu.jpeg","datePublished":"2020-06-26T09:06:50+00:00","dateModified":"2021-06-16T15:03:50+00:00","breadcrumb":{"@id":"https:\/\/www.fattorinigroup.it\/prodotto\/sedia-in-plastica-ideale-per-il-giardino\/#breadcrumb"},"inLanguage":"en-GB","potentialAction":[{"@type":"ReadAction","target":["https:\/\/www.fattorinigroup.it\/prodotto\/sedia-in-plastica-ideale-per-il-giardino\/"]}]},{"@type":"ImageObject","inLanguage":"en-GB","@id":"https:\/\/www.fattorinigroup.it\/prodotto\/sedia-in-plastica-ideale-per-il-giardino\/#primaryimage","url":"https:\/\/www.fattorinigroup.it\/wp-content\/uploads\/2020\/06\/Sedia-in-plastica-ideale-per-il-giardino-blu.jpeg","contentUrl":"https:\/\/www.fattorinigroup.it\/wp-content\/uploads\/2020\/06\/Sedia-in-plastica-ideale-per-il-giardino-blu.jpeg","width":1200,"height":1200,"caption":"Sedia in plastica ideale per il giardino blu"},{"@type":"BreadcrumbList","@id":"https:\/\/www.fattorinigroup.it\/prodotto\/sedia-in-plastica-ideale-per-il-giardino\/#breadcrumb","itemListElement":[{"@type":"ListItem","position":1,"name":"Home","item":"https:\/\/www.fattorinigroup.it\/"},{"@type":"ListItem","position":2,"name":"Prodotti","item":"https:\/\/www.fattorinigroup.it\/shop\/"},{"@type":"ListItem","position":3,"name":"Sedia in plastica ideale per il giardino"}]},{"@type":"WebSite","@id":"https:\/\/www.fattorinigroup.it\/#website","url":"https:\/\/www.fattorinigroup.it\/","name":"Fattorini Group","description":"","potentialAction":[{"@type":"SearchAction","target":{"@type":"EntryPoint","urlTemplate":"https:\/\/www.fattorinigroup.it\/?s={search_term_string}"},"query-input":{"@type":"PropertyValueSpecification","valueRequired":true,"valueName":"search_term_string"}}],"inLanguage":"en-GB"}]}},"_links":{"self":[{"href":"https:\/\/www.fattorinigroup.it\/en\/wp-json\/wp\/v2\/product\/4773","targetHints":{"allow":["GET"]}}],"collection":[{"href":"https:\/\/www.fattorinigroup.it\/en\/wp-json\/wp\/v2\/product"}],"about":[{"href":"https:\/\/www.fattorinigroup.it\/en\/wp-json\/wp\/v2\/types\/product"}],"replies":[{"embeddable":true,"href":"https:\/\/www.fattorinigroup.it\/en\/wp-json\/wp\/v2\/comments?post=4773"}],"version-history":[{"count":0,"href":"https:\/\/www.fattorinigroup.it\/en\/wp-json\/wp\/v2\/product\/4773\/revisions"}],"wp:featuredmedia":[{"embeddable":true,"href":"https:\/\/www.fattorinigroup.it\/en\/wp-json\/wp\/v2\/media\/11754"}],"wp:attachment":[{"href":"https:\/\/www.fattorinigroup.it\/en\/wp-json\/wp\/v2\/media?parent=4773"}],"wp:term":[{"taxonomy":"product_brand","embeddable":true,"href":"https:\/\/www.fattorinigroup.it\/en\/wp-json\/wp\/v2\/product_brand?post=4773"},{"taxonomy":"product_cat","embeddable":true,"href":"https:\/\/www.fattorinigroup.it\/en\/wp-json\/wp\/v2\/product_cat?post=4773"},{"taxonomy":"product_tag","embeddable":true,"href":"https:\/\/www.fattorinigroup.it\/en\/wp-json\/wp\/v2\/product_tag?post=4773"}],"curies":[{"name":"wp","href":"https:\/\/api.w.org\/{rel}","templated":true}]}}